{"id":7662,"date":"2022-04-27T16:11:02","date_gmt":"2022-04-27T14:11:02","guid":{"rendered":"https:\/\/www.serinf.it\/servicios-asistencia-informatica\/"},"modified":"2024-06-26T15:05:24","modified_gmt":"2024-06-26T13:05:24","slug":"servicios-asistencia-informatica","status":"publish","type":"page","link":"https:\/\/www.serinf.it\/es\/servicios-asistencia-informatica\/","title":{"rendered":"Asistencia Inform\u00e1tica"},"content":{"rendered":"<p>[vc_row full_width=&#8221;stretch_row_content&#8221;][vc_column][vc_empty_space height=&#8221;30px&#8221;][vc_row_inner][vc_column_inner width=&#8221;1\/6&#8243;][\/vc_column_inner][vc_column_inner width=&#8221;2\/3&#8243;][vc_custom_heading text=&#8221;Servicio de asistencia inform\u00e1tica y servicio t\u00e9cnico inform\u00e1tico activo las 24 horas del d\u00eda&#8221; font_container=&#8221;tag:h2|text_align:center&#8221; css=&#8221;.vc_custom_1653299624295{padding-right: 15px !important;padding-left: 15px !important;}&#8221;][vc_single_image image=&#8221;4497&#8243; alignment=&#8221;center&#8221;][vc_column_text css=&#8221;.vc_custom_1657091007815{padding-right: 15px !important;padding-left: 15px !important;}&#8221;]<\/p>\n<p style=\"text-align: center;\">Servicio de asistencia inform\u00e1tica activo<br \/>\n<strong>las 24 horas <\/strong><strong>del d\u00eda.<\/strong><\/p>\n<p style=\"text-align: center;\">Te ayudamos con nuestro soporte y con la formaci\u00f3n en el software de gesti\u00f3n hotelera para tus empleados.<\/p>\n<p>[\/vc_column_text][vc_empty_space height=&#8221;30px&#8221;][\/vc_column_inner][vc_column_inner width=&#8221;1\/6&#8243;][\/vc_column_inner][\/vc_row_inner][\/vc_column][\/vc_row][vc_row full_width=&#8221;stretch_row&#8221; css=&#8221;.vc_custom_1652773134341{background-color: #f3f7fd !important;}&#8221; el_class=&#8221;.align-top&#8221;][vc_column][vc_empty_space height=&#8221;50px&#8221;]<div class=\"txt-img-alternati img_dx\"><h4 class=\"txt-img-sottotitolo\">ASISTENCIA DESDE ESPA\u00d1A LAS 24 HORAS DEL D\u00cdA<\/h4><h2 class=\"txt-img-titolo\">Servicio de asistencia, soporte y formaci\u00f3n<\/h2><div class=\"txt-img row\"><div class=\"txt-img-immagine col-lg-6 order-lg-last\"><img width=\"768\" height=\"512\" src=\"https:\/\/www.serinf.it\/wp-content\/uploads\/2022\/05\/Assistenza-Informatica-2-768x512.jpg\" class=\"attachment-medium_large size-medium_large\" alt=\"Manager di un&#039;azienda che con telefono e computer sta per chiamare l&#039;assistenza tecnica.\" loading=\"lazy\" srcset=\"https:\/\/www.serinf.it\/wp-content\/uploads\/2022\/05\/Assistenza-Informatica-2-768x512.jpg 768w, https:\/\/www.serinf.it\/wp-content\/uploads\/2022\/05\/Assistenza-Informatica-2-300x200.jpg 300w, https:\/\/www.serinf.it\/wp-content\/uploads\/2022\/05\/Assistenza-Informatica-2-1024x683.jpg 1024w, https:\/\/www.serinf.it\/wp-content\/uploads\/2022\/05\/Assistenza-Informatica-2-350x233.jpg 350w, https:\/\/www.serinf.it\/wp-content\/uploads\/2022\/05\/Assistenza-Informatica-2-540x360.jpg 540w, https:\/\/www.serinf.it\/wp-content\/uploads\/2022\/05\/Assistenza-Informatica-2-750x500.jpg 750w, https:\/\/www.serinf.it\/wp-content\/uploads\/2022\/05\/Assistenza-Informatica-2-600x400.jpg 600w, https:\/\/www.serinf.it\/wp-content\/uploads\/2022\/05\/Assistenza-Informatica-2.jpg 1200w\" sizes=\"(max-width: 768px) 100vw, 768px\" \/><\/div><div class=\"txt-img-testo col-lg-6\">D\u00e9jate guiar por la experiencia de nuestros colaboradores para <strong>resolver los problemas<\/strong> de tu negocio.<\/p>\n<p>Nuestro servicio de asistencia est\u00e1 <strong>activo en Espa\u00f1a<\/strong> y, cada d\u00eda, est\u00e1 a tu lado, que se trate de soporte o formaci\u00f3n, en base a tus exigencias.<\/p>\n<p>Instalaci\u00f3n de soluciones de gesti\u00f3n innovadoras, cursos para empleados sobre el uso de las plataformas y <strong>resoluci\u00f3n de problemas<\/strong>: nuestras habilidades est\u00e1n a tu disposici\u00f3n.<\/div><\/div><\/div>[vc_empty_space height=&#8221;50px&#8221;][\/vc_column][\/vc_row][vc_row rtl_reverse=&#8221;yes&#8221;][vc_column][vc_empty_space height=&#8221;50px&#8221;]<div class=\"txt-img-alternati img_sx\"><h4 class=\"txt-img-sottotitolo\">EL MEJOR SOCIO PARA TI<\/h4><h2 class=\"txt-img-titolo\">Asistencia inform\u00e1tica de profesionales de TI siempre contigo<\/h2><div class=\"txt-img row\"><div class=\"txt-img-immagine col-lg-6 \"><img width=\"768\" height=\"512\" src=\"https:\/\/www.serinf.it\/wp-content\/uploads\/2022\/05\/Assistenza-Informatica-1-768x512.jpg\" class=\"attachment-medium_large size-medium_large\" alt=\"Intervento di un tecnico hardware su un computer aziendale.\" loading=\"lazy\" srcset=\"https:\/\/www.serinf.it\/wp-content\/uploads\/2022\/05\/Assistenza-Informatica-1-768x512.jpg 768w, https:\/\/www.serinf.it\/wp-content\/uploads\/2022\/05\/Assistenza-Informatica-1-300x200.jpg 300w, https:\/\/www.serinf.it\/wp-content\/uploads\/2022\/05\/Assistenza-Informatica-1-1024x683.jpg 1024w, https:\/\/www.serinf.it\/wp-content\/uploads\/2022\/05\/Assistenza-Informatica-1-350x233.jpg 350w, https:\/\/www.serinf.it\/wp-content\/uploads\/2022\/05\/Assistenza-Informatica-1-540x360.jpg 540w, https:\/\/www.serinf.it\/wp-content\/uploads\/2022\/05\/Assistenza-Informatica-1-750x500.jpg 750w, https:\/\/www.serinf.it\/wp-content\/uploads\/2022\/05\/Assistenza-Informatica-1-600x400.jpg 600w, https:\/\/www.serinf.it\/wp-content\/uploads\/2022\/05\/Assistenza-Informatica-1.jpg 1200w\" sizes=\"(max-width: 768px) 100vw, 768px\" \/><\/div><div class=\"txt-img-testo col-lg-6\">Soluciona problemas o solicita <strong>asesoramiento gratuito<\/strong> sobre tu negocio.<\/p>\n<p>Nuestro equipo, formado por profesionales de experiencia en el sector hotelero, habla tu mismo lenguaje y <strong>entiende todos tus problemas<\/strong>.<\/p>\n<p>Analiza con nosotros tus departimientos, identifica cualquier problema, define tus prioridades de intervenci\u00f3n, optimiza tus inversiones y aumenta tu rendimiento <strong>desde el primer momento<\/strong>.<\/div><\/div><\/div>[vc_empty_space height=&#8221;50px&#8221;][\/vc_column][\/vc_row]<\/p>\n","protected":false},"excerpt":{"rendered":"<p>[vc_row full_width=&#8221;stretch_row_content&#8221;][vc_column][vc_empty_space height=&#8221;30px&#8221;][vc_row_inner][vc_column_inner width=&#82... <\/p>\n","protected":false},"author":1,"featured_media":4419,"parent":0,"menu_order":0,"comment_status":"closed","ping_status":"closed","template":"page-templates\/pages-image.php","meta":[],"acf":[],"yoast_head":"<!-- This site is optimized with the Yoast SEO plugin v20.6 - https:\/\/yoast.com\/wordpress\/plugins\/seo\/ -->\n<title>Servicio de asistencia inform\u00e1tica | Serinf<\/title>\n<meta name=\"description\" content=\"Expertos de asistencia inform\u00e1tica a tu servicio: an\u00e1lisis de los sistemas de TI, detecci\u00f3n de problemas, priorizaci\u00f3n y resoluci\u00f3n.\" \/>\n<meta name=\"robots\" content=\"index, follow, max-snippet:-1, max-image-preview:large, max-video-preview:-1\" \/>\n<link rel=\"canonical\" href=\"https:\/\/www.serinf.it\/es\/servicios-asistencia-informatica\/\" \/>\n<meta property=\"og:locale\" content=\"es_ES\" \/>\n<meta property=\"og:type\" content=\"article\" \/>\n<meta property=\"og:title\" content=\"Servicio de asistencia inform\u00e1tica | Serinf\" \/>\n<meta property=\"og:description\" content=\"Expertos de asistencia inform\u00e1tica a tu servicio: an\u00e1lisis de los sistemas de TI, detecci\u00f3n de problemas, priorizaci\u00f3n y resoluci\u00f3n.\" \/>\n<meta property=\"og:url\" content=\"https:\/\/www.serinf.it\/es\/servicios-asistencia-informatica\/\" \/>\n<meta property=\"og:site_name\" content=\"Serenissima Informatica\" \/>\n<meta property=\"article:modified_time\" content=\"2024-06-26T13:05:24+00:00\" \/>\n<meta property=\"og:image\" content=\"https:\/\/www.serinf.it\/wp-content\/uploads\/2022\/05\/Cover-Assistenza-Informatica.jpg\" \/>\n\t<meta property=\"og:image:width\" content=\"1000\" \/>\n\t<meta property=\"og:image:height\" content=\"682\" \/>\n\t<meta property=\"og:image:type\" content=\"image\/jpeg\" \/>\n<meta name=\"twitter:card\" content=\"summary_large_image\" \/>\n<meta name=\"twitter:label1\" content=\"Tiempo de lectura\" \/>\n\t<meta name=\"twitter:data1\" content=\"2 minutos\" \/>\n<script type=\"application\/ld+json\" class=\"yoast-schema-graph\">{\"@context\":\"https:\/\/schema.org\",\"@graph\":[{\"@type\":\"WebPage\",\"@id\":\"https:\/\/www.serinf.it\/es\/servicios-asistencia-informatica\/\",\"url\":\"https:\/\/www.serinf.it\/es\/servicios-asistencia-informatica\/\",\"name\":\"Servicio de asistencia inform\u00e1tica | Serinf\",\"isPartOf\":{\"@id\":\"https:\/\/www.serinf.it\/es\/#website\"},\"datePublished\":\"2022-04-27T14:11:02+00:00\",\"dateModified\":\"2024-06-26T13:05:24+00:00\",\"description\":\"Expertos de asistencia inform\u00e1tica a tu servicio: an\u00e1lisis de los sistemas de TI, detecci\u00f3n de problemas, priorizaci\u00f3n y resoluci\u00f3n.\",\"breadcrumb\":{\"@id\":\"https:\/\/www.serinf.it\/es\/servicios-asistencia-informatica\/#breadcrumb\"},\"inLanguage\":\"es\",\"potentialAction\":[{\"@type\":\"ReadAction\",\"target\":[\"https:\/\/www.serinf.it\/es\/servicios-asistencia-informatica\/\"]}]},{\"@type\":\"BreadcrumbList\",\"@id\":\"https:\/\/www.serinf.it\/es\/servicios-asistencia-informatica\/#breadcrumb\",\"itemListElement\":[{\"@type\":\"ListItem\",\"position\":1,\"name\":\"Home\",\"item\":\"https:\/\/www.serinf.it\/es\/\"},{\"@type\":\"ListItem\",\"position\":2,\"name\":\"Asistencia Inform\u00e1tica\"}]},{\"@type\":\"WebSite\",\"@id\":\"https:\/\/www.serinf.it\/es\/#website\",\"url\":\"https:\/\/www.serinf.it\/es\/\",\"name\":\"Serenissima Informatica\",\"description\":\"Il Partner Unico per l&#039;IT\",\"publisher\":{\"@id\":\"https:\/\/www.serinf.it\/es\/#organization\"},\"potentialAction\":[{\"@type\":\"SearchAction\",\"target\":{\"@type\":\"EntryPoint\",\"urlTemplate\":\"https:\/\/www.serinf.it\/es\/?s={search_term_string}\"},\"query-input\":\"required name=search_term_string\"}],\"inLanguage\":\"es\"},{\"@type\":\"Organization\",\"@id\":\"https:\/\/www.serinf.it\/es\/#organization\",\"name\":\"Serenissima informatica SpA\",\"url\":\"https:\/\/www.serinf.it\/es\/\",\"logo\":{\"@type\":\"ImageObject\",\"inLanguage\":\"es\",\"@id\":\"https:\/\/www.serinf.it\/es\/#\/schema\/logo\/image\/\",\"url\":\"https:\/\/www.serinf.it\/wp-content\/uploads\/2022\/04\/logo-serenissima-informatica-black.png\",\"contentUrl\":\"https:\/\/www.serinf.it\/wp-content\/uploads\/2022\/04\/logo-serenissima-informatica-black.png\",\"width\":500,\"height\":75,\"caption\":\"Serenissima informatica SpA\"},\"image\":{\"@id\":\"https:\/\/www.serinf.it\/es\/#\/schema\/logo\/image\/\"}}]}<\/script>\n<!-- \/ Yoast SEO plugin. -->","yoast_head_json":{"title":"Servicio de asistencia inform\u00e1tica | Serinf","description":"Expertos de asistencia inform\u00e1tica a tu servicio: an\u00e1lisis de los sistemas de TI, detecci\u00f3n de problemas, priorizaci\u00f3n y resoluci\u00f3n.","robots":{"index":"index","follow":"follow","max-snippet":"max-snippet:-1","max-image-preview":"max-image-preview:large","max-video-preview":"max-video-preview:-1"},"canonical":"https:\/\/www.serinf.it\/es\/servicios-asistencia-informatica\/","og_locale":"es_ES","og_type":"article","og_title":"Servicio de asistencia inform\u00e1tica | Serinf","og_description":"Expertos de asistencia inform\u00e1tica a tu servicio: an\u00e1lisis de los sistemas de TI, detecci\u00f3n de problemas, priorizaci\u00f3n y resoluci\u00f3n.","og_url":"https:\/\/www.serinf.it\/es\/servicios-asistencia-informatica\/","og_site_name":"Serenissima Informatica","article_modified_time":"2024-06-26T13:05:24+00:00","og_image":[{"width":1000,"height":682,"url":"https:\/\/www.serinf.it\/wp-content\/uploads\/2022\/05\/Cover-Assistenza-Informatica.jpg","type":"image\/jpeg"}],"twitter_card":"summary_large_image","twitter_misc":{"Tiempo de lectura":"2 minutos"},"schema":{"@context":"https:\/\/schema.org","@graph":[{"@type":"WebPage","@id":"https:\/\/www.serinf.it\/es\/servicios-asistencia-informatica\/","url":"https:\/\/www.serinf.it\/es\/servicios-asistencia-informatica\/","name":"Servicio de asistencia inform\u00e1tica | Serinf","isPartOf":{"@id":"https:\/\/www.serinf.it\/es\/#website"},"datePublished":"2022-04-27T14:11:02+00:00","dateModified":"2024-06-26T13:05:24+00:00","description":"Expertos de asistencia inform\u00e1tica a tu servicio: an\u00e1lisis de los sistemas de TI, detecci\u00f3n de problemas, priorizaci\u00f3n y resoluci\u00f3n.","breadcrumb":{"@id":"https:\/\/www.serinf.it\/es\/servicios-asistencia-informatica\/#breadcrumb"},"inLanguage":"es","potentialAction":[{"@type":"ReadAction","target":["https:\/\/www.serinf.it\/es\/servicios-asistencia-informatica\/"]}]},{"@type":"BreadcrumbList","@id":"https:\/\/www.serinf.it\/es\/servicios-asistencia-informatica\/#breadcrumb","itemListElement":[{"@type":"ListItem","position":1,"name":"Home","item":"https:\/\/www.serinf.it\/es\/"},{"@type":"ListItem","position":2,"name":"Asistencia Inform\u00e1tica"}]},{"@type":"WebSite","@id":"https:\/\/www.serinf.it\/es\/#website","url":"https:\/\/www.serinf.it\/es\/","name":"Serenissima Informatica","description":"Il Partner Unico per l&#039;IT","publisher":{"@id":"https:\/\/www.serinf.it\/es\/#organization"},"potentialAction":[{"@type":"SearchAction","target":{"@type":"EntryPoint","urlTemplate":"https:\/\/www.serinf.it\/es\/?s={search_term_string}"},"query-input":"required name=search_term_string"}],"inLanguage":"es"},{"@type":"Organization","@id":"https:\/\/www.serinf.it\/es\/#organization","name":"Serenissima informatica SpA","url":"https:\/\/www.serinf.it\/es\/","logo":{"@type":"ImageObject","inLanguage":"es","@id":"https:\/\/www.serinf.it\/es\/#\/schema\/logo\/image\/","url":"https:\/\/www.serinf.it\/wp-content\/uploads\/2022\/04\/logo-serenissima-informatica-black.png","contentUrl":"https:\/\/www.serinf.it\/wp-content\/uploads\/2022\/04\/logo-serenissima-informatica-black.png","width":500,"height":75,"caption":"Serenissima informatica SpA"},"image":{"@id":"https:\/\/www.serinf.it\/es\/#\/schema\/logo\/image\/"}}]}},"_links":{"self":[{"href":"https:\/\/www.serinf.it\/es\/wp-json\/wp\/v2\/pages\/7662"}],"collection":[{"href":"https:\/\/www.serinf.it\/es\/wp-json\/wp\/v2\/pages"}],"about":[{"href":"https:\/\/www.serinf.it\/es\/wp-json\/wp\/v2\/types\/page"}],"author":[{"embeddable":true,"href":"https:\/\/www.serinf.it\/es\/wp-json\/wp\/v2\/users\/1"}],"replies":[{"embeddable":true,"href":"https:\/\/www.serinf.it\/es\/wp-json\/wp\/v2\/comments?post=7662"}],"version-history":[{"count":6,"href":"https:\/\/www.serinf.it\/es\/wp-json\/wp\/v2\/pages\/7662\/revisions"}],"predecessor-version":[{"id":10201,"href":"https:\/\/www.serinf.it\/es\/wp-json\/wp\/v2\/pages\/7662\/revisions\/10201"}],"wp:featuredmedia":[{"embeddable":true,"href":"https:\/\/www.serinf.it\/es\/wp-json\/wp\/v2\/media\/4419"}],"wp:attachment":[{"href":"https:\/\/www.serinf.it\/es\/wp-json\/wp\/v2\/media?parent=7662"}],"curies":[{"name":"wp","href":"https:\/\/api.w.org\/{rel}","templated":true}]}}