{"id":7475,"date":"2022-05-17T10:20:41","date_gmt":"2022-05-17T08:20:41","guid":{"rendered":"https:\/\/www.serinf.it\/spa-y-wellness\/"},"modified":"2024-06-26T15:04:07","modified_gmt":"2024-06-26T13:04:07","slug":"spa-y-wellness","status":"publish","type":"page","link":"https:\/\/www.serinf.it\/es\/spa-y-wellness\/","title":{"rendered":"Software de gesti\u00f3n para Spa y Wellness"},"content":{"rendered":"<p>[vc_row][vc_column]<!-- Start Work Process \n============================================= -->\n<div class=\"work-process-area overflow-hidden default-padding bottom-less\">\n    <div class=\"container\">\n        <div class=\"row\">\n            <div class=\"col-lg-8 offset-lg-2\">\n                <div class=\"site-heading text-center\">\n                    <h4>Soluciones para Spa y centros de bienestar<\/h4>\n                    <h2>Cuida el bienestar de tus clientes<\/h2>\n                <\/div>\n            <\/div>\n        <\/div>\n    <\/div>\n    <div class=\"container-full\">\n        <div class=\"work-pro-items\">\n            <div class=\"row\">[vc_row_inner][vc_column_inner width=&#8221;1\/6&#8243;][\/vc_column_inner][vc_column_inner width=&#8221;2\/3&#8243;][vc_column_text]<\/p>\n<p style=\"text-align: center;\">El <a href=\"https:\/\/www.serinf.it\/es\/software-hotelero\/spa-wellness\/\"><strong>software de gesti\u00f3n de Spa y Wellness<\/strong><\/a> permite organizar y gestionar de forma sencilla y eficaz todas las actividades del centro de tu <strong>centro de<\/strong><strong>bienestar<\/strong>.<\/p>\n<p style=\"text-align: center;\">Gestionar el trabajo y el personal de manera organizada, mejorar la experiencia de los clientes, potenciar la calidad de los servicios ofrecidos y aumentar los ingresos es f\u00e1cil.<\/p>\n<p style=\"text-align: center;\">Nuestras soluciones agilizan la gesti\u00f3n del trabajo mejorando la <strong>experiencia del cliente<\/strong>y ofrecen una experiencia personalizada y actual. Los hu\u00e9spedes disfrutar\u00e1n de una <strong>experiencia inolvidable<\/strong>.<\/p>\n<p>[\/vc_column_text][\/vc_column_inner][vc_column_inner width=&#8221;1\/6&#8243;][\/vc_column_inner][\/vc_row_inner] <\/div>\n            <\/div>\n        <\/div>\n    <\/div>\n    <!-- End Work Process Area -->[\/vc_column][\/vc_row][vc_row el_class=&#8221;.align-top&#8221;][vc_column]<div class=\"txt-img-alternati img_sx\"><h4 class=\"txt-img-sottotitolo\">SOLUCIONES PARA MEJORAR EL SERVICIO<\/h4><h2 class=\"txt-img-titolo\">La innovaci\u00f3n del \u00e1rea Wellness en el hotel<\/h2><div class=\"txt-img row\"><div class=\"txt-img-immagine col-lg-6 \"><img width=\"768\" height=\"511\" src=\"https:\/\/www.serinf.it\/wp-content\/uploads\/2022\/05\/Wellness-1-768x511.jpg\" class=\"attachment-medium_large size-medium_large\" alt=\"Receptionist dell&#039;area wellness dell&#039;hotel guarda un tablet mentre telefona sorridendo.\" loading=\"lazy\" srcset=\"https:\/\/www.serinf.it\/wp-content\/uploads\/2022\/05\/Wellness-1-768x511.jpg 768w, https:\/\/www.serinf.it\/wp-content\/uploads\/2022\/05\/Wellness-1-300x200.jpg 300w, https:\/\/www.serinf.it\/wp-content\/uploads\/2022\/05\/Wellness-1-1024x682.jpg 1024w, https:\/\/www.serinf.it\/wp-content\/uploads\/2022\/05\/Wellness-1-350x233.jpg 350w, https:\/\/www.serinf.it\/wp-content\/uploads\/2022\/05\/Wellness-1-540x360.jpg 540w, https:\/\/www.serinf.it\/wp-content\/uploads\/2022\/05\/Wellness-1-751x500.jpg 751w, https:\/\/www.serinf.it\/wp-content\/uploads\/2022\/05\/Wellness-1-601x400.jpg 601w, https:\/\/www.serinf.it\/wp-content\/uploads\/2022\/05\/Wellness-1.jpg 1200w\" sizes=\"(max-width: 768px) 100vw, 768px\" \/><\/div><div class=\"txt-img-testo col-lg-6\"><\/p>\n<p style=\"text-align: left;\">Nuestro software de gesti\u00f3n para Spa y balnearios ayuda al personal a mejorar el cuidado del <strong>bienestar de los clientes<\/strong>.<\/p>\n<p style=\"text-align: left;\">El personal gestiona los pagos, las suscripciones, la organizaci\u00f3n de espacios, materiales y equipos del centro de bienestar presente en el hotel.<\/p>\n<p style=\"text-align: left;\">Adem\u00e1s, con solo unos pocos clics del rat\u00f3n el personal puede <strong>consultar los informes<\/strong> y realizar un seguimiento de toda la <strong>informaci\u00f3n clave<\/strong> cuando lo desee.<\/p>\n<p><\/div><\/div><\/div>[\/vc_column][\/vc_row][vc_row el_class=&#8221;.align-top&#8221;][vc_column]<div class=\"txt-img-alternati img_dx\"><h4 class=\"txt-img-sottotitolo\">GESTI\u00d3N COMPLETA DEL GUEST JOURNEY<\/h4><h2 class=\"txt-img-titolo\">Herramientas para y mejorar tus servicios<\/h2><div class=\"txt-img row\"><div class=\"txt-img-immagine col-lg-6 order-lg-last\"><img width=\"768\" height=\"512\" src=\"https:\/\/www.serinf.it\/wp-content\/uploads\/2022\/05\/Wellness-2-768x512.jpg\" class=\"attachment-medium_large size-medium_large\" alt=\"Donna si fa massaggiare nell&#039;area wellness dell&#039;hotel.\" loading=\"lazy\" srcset=\"https:\/\/www.serinf.it\/wp-content\/uploads\/2022\/05\/Wellness-2-768x512.jpg 768w, https:\/\/www.serinf.it\/wp-content\/uploads\/2022\/05\/Wellness-2-300x200.jpg 300w, https:\/\/www.serinf.it\/wp-content\/uploads\/2022\/05\/Wellness-2-1024x683.jpg 1024w, https:\/\/www.serinf.it\/wp-content\/uploads\/2022\/05\/Wellness-2-350x233.jpg 350w, https:\/\/www.serinf.it\/wp-content\/uploads\/2022\/05\/Wellness-2-540x360.jpg 540w, https:\/\/www.serinf.it\/wp-content\/uploads\/2022\/05\/Wellness-2-750x500.jpg 750w, https:\/\/www.serinf.it\/wp-content\/uploads\/2022\/05\/Wellness-2-600x400.jpg 600w, https:\/\/www.serinf.it\/wp-content\/uploads\/2022\/05\/Wellness-2.jpg 1200w\" sizes=\"(max-width: 768px) 100vw, 768px\" \/><\/div><div class=\"txt-img-testo col-lg-6\">Organizar las actividades y servicios del espacio wellness como reservas o cargos de tratamiento directamente en la cuenta de la habitaci\u00f3n es f\u00e1cil.<\/p>\n<p>Gracias a la integraci\u00f3n con el <a href=\"https:\/\/www.serinf.it\/es\/software-hotelero\/pms\/\"><strong>PMS del hotel<\/strong><\/a>, el personal de tu Spa puede gestionar todas las actividades con <strong>rapidez y precisi\u00f3n<\/strong>.<\/p>\n<p>Adem\u00e1s, la integraci\u00f3n del software de gesti\u00f3n del bienestar con herramientas de <a href=\"https:\/\/www.serinf.it\/es\/software-hotelero\/marketing-automation\/\"><strong>automatizaci\u00f3n de marketing<\/strong><\/a> permite aprovechar los datos de los hu\u00e9spedes para campa\u00f1as de fidelizaci\u00f3n.<\/p>\n<p>De esta manera, puedes adoptar las mejores estrategias y promociones para <strong>fidelizar al cliente<\/strong> y hacer que vuelva a tu alojamiento.<\/div><\/div><\/div>[vc_empty_space height=&#8221;30px&#8221;][\/vc_column][\/vc_row]<\/p>\n","protected":false},"excerpt":{"rendered":"<p>[vc_row][vc_column][vc_row_inner][vc_column_inner width=&#8221;1\/6&#8243;][\/vc_column_inner][vc_column_inner width=&#8221;2\/3&#8243;][vc_column_tex... <\/p>\n","protected":false},"author":1,"featured_media":4254,"parent":0,"menu_order":0,"comment_status":"closed","ping_status":"closed","template":"page-templates\/pages-image.php","meta":[],"acf":[],"yoast_head":"<!-- This site is optimized with the Yoast SEO plugin v20.6 - https:\/\/yoast.com\/wordpress\/plugins\/seo\/ -->\n<title>Software de gesti\u00f3n Spa y Wellness | Serinf<\/title>\n<meta name=\"description\" content=\"Nuestras soluciones de software para Spa, para gestionar todas las actividades de tu centro de bienestar. \u00a1M\u00e1s informaci\u00f3n con un solo clic!\" \/>\n<meta name=\"robots\" content=\"index, follow, max-snippet:-1, max-image-preview:large, max-video-preview:-1\" \/>\n<link rel=\"canonical\" href=\"https:\/\/www.serinf.it\/es\/spa-y-wellness\/\" \/>\n<meta property=\"og:locale\" content=\"es_ES\" \/>\n<meta property=\"og:type\" content=\"article\" \/>\n<meta property=\"og:title\" content=\"Software de gesti\u00f3n Spa y Wellness | Serinf\" \/>\n<meta property=\"og:description\" content=\"Nuestras soluciones de software para Spa, para gestionar todas las actividades de tu centro de bienestar. \u00a1M\u00e1s informaci\u00f3n con un solo clic!\" \/>\n<meta property=\"og:url\" content=\"https:\/\/www.serinf.it\/es\/spa-y-wellness\/\" \/>\n<meta property=\"og:site_name\" content=\"Serenissima Informatica\" \/>\n<meta property=\"article:modified_time\" content=\"2024-06-26T13:04:07+00:00\" \/>\n<meta property=\"og:image\" content=\"https:\/\/www.serinf.it\/wp-content\/uploads\/2022\/05\/wellness-software-hospitality-serinf.jpg\" \/>\n\t<meta property=\"og:image:width\" content=\"1200\" \/>\n\t<meta property=\"og:image:height\" content=\"800\" \/>\n\t<meta property=\"og:image:type\" content=\"image\/jpeg\" \/>\n<meta name=\"twitter:card\" content=\"summary_large_image\" \/>\n<meta name=\"twitter:label1\" content=\"Tiempo de lectura\" \/>\n\t<meta name=\"twitter:data1\" content=\"2 minutos\" \/>\n<script type=\"application\/ld+json\" class=\"yoast-schema-graph\">{\"@context\":\"https:\/\/schema.org\",\"@graph\":[{\"@type\":\"WebPage\",\"@id\":\"https:\/\/www.serinf.it\/es\/spa-y-wellness\/\",\"url\":\"https:\/\/www.serinf.it\/es\/spa-y-wellness\/\",\"name\":\"Software de gesti\u00f3n Spa y Wellness | Serinf\",\"isPartOf\":{\"@id\":\"https:\/\/www.serinf.it\/es\/#website\"},\"datePublished\":\"2022-05-17T08:20:41+00:00\",\"dateModified\":\"2024-06-26T13:04:07+00:00\",\"description\":\"Nuestras soluciones de software para Spa, para gestionar todas las actividades de tu centro de bienestar. \u00a1M\u00e1s informaci\u00f3n con un solo clic!\",\"breadcrumb\":{\"@id\":\"https:\/\/www.serinf.it\/es\/spa-y-wellness\/#breadcrumb\"},\"inLanguage\":\"es\",\"potentialAction\":[{\"@type\":\"ReadAction\",\"target\":[\"https:\/\/www.serinf.it\/es\/spa-y-wellness\/\"]}]},{\"@type\":\"BreadcrumbList\",\"@id\":\"https:\/\/www.serinf.it\/es\/spa-y-wellness\/#breadcrumb\",\"itemListElement\":[{\"@type\":\"ListItem\",\"position\":1,\"name\":\"Home\",\"item\":\"https:\/\/www.serinf.it\/es\/\"},{\"@type\":\"ListItem\",\"position\":2,\"name\":\"Software de gesti\u00f3n para Spa y Wellness\"}]},{\"@type\":\"WebSite\",\"@id\":\"https:\/\/www.serinf.it\/es\/#website\",\"url\":\"https:\/\/www.serinf.it\/es\/\",\"name\":\"Serenissima Informatica\",\"description\":\"Il Partner Unico per l&#039;IT\",\"publisher\":{\"@id\":\"https:\/\/www.serinf.it\/es\/#organization\"},\"potentialAction\":[{\"@type\":\"SearchAction\",\"target\":{\"@type\":\"EntryPoint\",\"urlTemplate\":\"https:\/\/www.serinf.it\/es\/?s={search_term_string}\"},\"query-input\":\"required name=search_term_string\"}],\"inLanguage\":\"es\"},{\"@type\":\"Organization\",\"@id\":\"https:\/\/www.serinf.it\/es\/#organization\",\"name\":\"Serenissima informatica SpA\",\"url\":\"https:\/\/www.serinf.it\/es\/\",\"logo\":{\"@type\":\"ImageObject\",\"inLanguage\":\"es\",\"@id\":\"https:\/\/www.serinf.it\/es\/#\/schema\/logo\/image\/\",\"url\":\"https:\/\/www.serinf.it\/wp-content\/uploads\/2022\/04\/logo-serenissima-informatica-black.png\",\"contentUrl\":\"https:\/\/www.serinf.it\/wp-content\/uploads\/2022\/04\/logo-serenissima-informatica-black.png\",\"width\":500,\"height\":75,\"caption\":\"Serenissima informatica SpA\"},\"image\":{\"@id\":\"https:\/\/www.serinf.it\/es\/#\/schema\/logo\/image\/\"}}]}<\/script>\n<!-- \/ Yoast SEO plugin. -->","yoast_head_json":{"title":"Software de gesti\u00f3n Spa y Wellness | Serinf","description":"Nuestras soluciones de software para Spa, para gestionar todas las actividades de tu centro de bienestar. \u00a1M\u00e1s informaci\u00f3n con un solo clic!","robots":{"index":"index","follow":"follow","max-snippet":"max-snippet:-1","max-image-preview":"max-image-preview:large","max-video-preview":"max-video-preview:-1"},"canonical":"https:\/\/www.serinf.it\/es\/spa-y-wellness\/","og_locale":"es_ES","og_type":"article","og_title":"Software de gesti\u00f3n Spa y Wellness | Serinf","og_description":"Nuestras soluciones de software para Spa, para gestionar todas las actividades de tu centro de bienestar. \u00a1M\u00e1s informaci\u00f3n con un solo clic!","og_url":"https:\/\/www.serinf.it\/es\/spa-y-wellness\/","og_site_name":"Serenissima Informatica","article_modified_time":"2024-06-26T13:04:07+00:00","og_image":[{"width":1200,"height":800,"url":"https:\/\/www.serinf.it\/wp-content\/uploads\/2022\/05\/wellness-software-hospitality-serinf.jpg","type":"image\/jpeg"}],"twitter_card":"summary_large_image","twitter_misc":{"Tiempo de lectura":"2 minutos"},"schema":{"@context":"https:\/\/schema.org","@graph":[{"@type":"WebPage","@id":"https:\/\/www.serinf.it\/es\/spa-y-wellness\/","url":"https:\/\/www.serinf.it\/es\/spa-y-wellness\/","name":"Software de gesti\u00f3n Spa y Wellness | Serinf","isPartOf":{"@id":"https:\/\/www.serinf.it\/es\/#website"},"datePublished":"2022-05-17T08:20:41+00:00","dateModified":"2024-06-26T13:04:07+00:00","description":"Nuestras soluciones de software para Spa, para gestionar todas las actividades de tu centro de bienestar. \u00a1M\u00e1s informaci\u00f3n con un solo clic!","breadcrumb":{"@id":"https:\/\/www.serinf.it\/es\/spa-y-wellness\/#breadcrumb"},"inLanguage":"es","potentialAction":[{"@type":"ReadAction","target":["https:\/\/www.serinf.it\/es\/spa-y-wellness\/"]}]},{"@type":"BreadcrumbList","@id":"https:\/\/www.serinf.it\/es\/spa-y-wellness\/#breadcrumb","itemListElement":[{"@type":"ListItem","position":1,"name":"Home","item":"https:\/\/www.serinf.it\/es\/"},{"@type":"ListItem","position":2,"name":"Software de gesti\u00f3n para Spa y Wellness"}]},{"@type":"WebSite","@id":"https:\/\/www.serinf.it\/es\/#website","url":"https:\/\/www.serinf.it\/es\/","name":"Serenissima Informatica","description":"Il Partner Unico per l&#039;IT","publisher":{"@id":"https:\/\/www.serinf.it\/es\/#organization"},"potentialAction":[{"@type":"SearchAction","target":{"@type":"EntryPoint","urlTemplate":"https:\/\/www.serinf.it\/es\/?s={search_term_string}"},"query-input":"required name=search_term_string"}],"inLanguage":"es"},{"@type":"Organization","@id":"https:\/\/www.serinf.it\/es\/#organization","name":"Serenissima informatica SpA","url":"https:\/\/www.serinf.it\/es\/","logo":{"@type":"ImageObject","inLanguage":"es","@id":"https:\/\/www.serinf.it\/es\/#\/schema\/logo\/image\/","url":"https:\/\/www.serinf.it\/wp-content\/uploads\/2022\/04\/logo-serenissima-informatica-black.png","contentUrl":"https:\/\/www.serinf.it\/wp-content\/uploads\/2022\/04\/logo-serenissima-informatica-black.png","width":500,"height":75,"caption":"Serenissima informatica SpA"},"image":{"@id":"https:\/\/www.serinf.it\/es\/#\/schema\/logo\/image\/"}}]}},"_links":{"self":[{"href":"https:\/\/www.serinf.it\/es\/wp-json\/wp\/v2\/pages\/7475"}],"collection":[{"href":"https:\/\/www.serinf.it\/es\/wp-json\/wp\/v2\/pages"}],"about":[{"href":"https:\/\/www.serinf.it\/es\/wp-json\/wp\/v2\/types\/page"}],"author":[{"embeddable":true,"href":"https:\/\/www.serinf.it\/es\/wp-json\/wp\/v2\/users\/1"}],"replies":[{"embeddable":true,"href":"https:\/\/www.serinf.it\/es\/wp-json\/wp\/v2\/comments?post=7475"}],"version-history":[{"count":40,"href":"https:\/\/www.serinf.it\/es\/wp-json\/wp\/v2\/pages\/7475\/revisions"}],"predecessor-version":[{"id":11263,"href":"https:\/\/www.serinf.it\/es\/wp-json\/wp\/v2\/pages\/7475\/revisions\/11263"}],"wp:featuredmedia":[{"embeddable":true,"href":"https:\/\/www.serinf.it\/es\/wp-json\/wp\/v2\/media\/4254"}],"wp:attachment":[{"href":"https:\/\/www.serinf.it\/es\/wp-json\/wp\/v2\/media?parent=7475"}],"curies":[{"name":"wp","href":"https:\/\/api.w.org\/{rel}","templated":true}]}}