{"id":7380,"date":"2022-05-17T10:21:59","date_gmt":"2022-05-17T08:21:59","guid":{"rendered":"https:\/\/www.serinf.it\/restauracion\/"},"modified":"2023-04-18T09:45:23","modified_gmt":"2023-04-18T07:45:23","slug":"restauracion","status":"publish","type":"page","link":"https:\/\/www.serinf.it\/es\/restauracion\/","title":{"rendered":"Software para la Restauraci\u00f3n"},"content":{"rendered":"<p>[vc_row][vc_column]<!-- Start Work Process \n============================================= -->\n<div class=\"work-process-area overflow-hidden default-padding bottom-less\">\n    <div class=\"container\">\n        <div class=\"row\">\n            <div class=\"col-lg-8 offset-lg-2\">\n                <div class=\"site-heading text-center\">\n                    <h4>Soluciones para el servicio de restauraci\u00f3n<\/h4>\n                    <h2>Invita a tus clientes en el restaurante del hotel<\/h2>\n                <\/div>\n            <\/div>\n        <\/div>\n    <\/div>\n    <div class=\"container-full\">\n        <div class=\"work-pro-items\">\n            <div class=\"row\">[vc_row_inner][vc_column_inner width=&#8221;1\/6&#8243;][\/vc_column_inner][vc_column_inner width=&#8221;2\/3&#8243;][vc_column_text]<\/p>\n<p style=\"text-align: center;\">El <a href=\"https:\/\/www.serinf.it\/es\/software-hotelero\/tpv\/\"><strong>software para la restauraci\u00f3n<\/strong><\/a> de Serenissima inform\u00e1tica permite la gesti\u00f3n completa de los bares, restaurantes y cafeter\u00edas presentes en los hoteles y cadenas hoteleras.<\/p>\n<p style=\"text-align: center;\">Desde la gesti\u00f3n de los pedidos hasta los cobros por habitaci\u00f3n, las soluciones innovadoras presentadas permiten gestionar de forma sencilla y automatizada todo el servicio de Food &amp; Beverage.<\/p>\n<p style=\"text-align: center;\">Los hu\u00e9spedes disfrutan del mejor servicio y el personal dispone de <strong>m\u00e1s tiempo para atender a sus comensales<\/strong>.<\/p>\n<p>[\/vc_column_text][\/vc_column_inner][vc_column_inner width=&#8221;1\/6&#8243;][\/vc_column_inner][\/vc_row_inner] <\/div>\n            <\/div>\n        <\/div>\n    <\/div>\n    <!-- End Work Process Area -->[\/vc_column][\/vc_row][vc_row el_class=&#8221;.align-top&#8221;][vc_column][vc_row_inner equal_height=&#8221;yes&#8221; content_placement=&#8221;middle&#8221;][vc_column_inner]<div class=\"txt-img-alternati img_sx\"><h4 class=\"txt-img-sottotitolo\">SOLUCIONES PARA MEJORAR EL SERVICIO<\/h4><h2 class=\"txt-img-titolo\">Aumentar la calidad del servicio de Food &amp; Beverage en el hotel<\/h2><div class=\"txt-img row\"><div class=\"txt-img-immagine col-lg-6 \"><img width=\"768\" height=\"512\" src=\"https:\/\/www.serinf.it\/wp-content\/uploads\/2022\/05\/FB-2-768x512.jpg\" class=\"attachment-medium_large size-medium_large\" alt=\"Clienti serviti da un cameriere usufruiscono del servizio Food &amp; Beverage dell&#039;hotel\" loading=\"lazy\" srcset=\"https:\/\/www.serinf.it\/wp-content\/uploads\/2022\/05\/FB-2-768x512.jpg 768w, https:\/\/www.serinf.it\/wp-content\/uploads\/2022\/05\/FB-2-300x200.jpg 300w, https:\/\/www.serinf.it\/wp-content\/uploads\/2022\/05\/FB-2-1024x683.jpg 1024w, https:\/\/www.serinf.it\/wp-content\/uploads\/2022\/05\/FB-2-350x233.jpg 350w, https:\/\/www.serinf.it\/wp-content\/uploads\/2022\/05\/FB-2-540x360.jpg 540w, https:\/\/www.serinf.it\/wp-content\/uploads\/2022\/05\/FB-2-750x500.jpg 750w, https:\/\/www.serinf.it\/wp-content\/uploads\/2022\/05\/FB-2-600x400.jpg 600w, https:\/\/www.serinf.it\/wp-content\/uploads\/2022\/05\/FB-2.jpg 1200w\" sizes=\"(max-width: 768px) 100vw, 768px\" \/><\/div><div class=\"txt-img-testo col-lg-6\">Desde la configuraci\u00f3n centralizada de los puntos de venta, listas de precios, promociones, tarjetas de fidelidad y monedas, hasta las <a href=\"https:\/\/www.serinf.it\/es\/software-hotelero\/tpv\/\"><strong>operaciones de caja<\/strong><\/a> y almac\u00e9n.<\/p>\n<p>Nuestro<strong> programa para bares, restaurantes y cafeter\u00edas<\/strong> mejora la calidad de las \u00e1reas de restauraci\u00f3n del hotel con flujos de trabajo m\u00e1s \u00e1giles y servicios de mesa m\u00e1s r\u00e1pidos.<\/p>\n<p>La gesti\u00f3n automatizada permite al personal del restaurante dedicarse completamente a los hu\u00e9spedes y <strong>maximizar los beneficios<\/strong>.<\/div><\/div><\/div>[\/vc_column_inner][\/vc_row_inner][\/vc_column][\/vc_row][vc_row el_class=&#8221;.align-top&#8221;][vc_column][vc_row_inner equal_height=&#8221;yes&#8221; content_placement=&#8221;middle&#8221;][vc_column_inner]<div class=\"txt-img-alternati img_dx\"><h4 class=\"txt-img-sottotitolo\">DECISIONES BASADAS SOBRE EL AN\u00c1LISIS DE DATOS<\/h4><h2 class=\"txt-img-titolo\">Gesti\u00f3n de la informaci\u00f3n para bares, restaurantes y cafeter\u00edas en el hotel<\/h2><div class=\"txt-img row\"><div class=\"txt-img-immagine col-lg-6 order-lg-last\"><img width=\"768\" height=\"512\" src=\"https:\/\/www.serinf.it\/wp-content\/uploads\/2022\/05\/FB-1-768x512.jpg\" class=\"attachment-medium_large size-medium_large\" alt=\"F&amp;B Manager parla allo staff in cucina con un tablet in mano.\" loading=\"lazy\" srcset=\"https:\/\/www.serinf.it\/wp-content\/uploads\/2022\/05\/FB-1-768x512.jpg 768w, https:\/\/www.serinf.it\/wp-content\/uploads\/2022\/05\/FB-1-300x200.jpg 300w, https:\/\/www.serinf.it\/wp-content\/uploads\/2022\/05\/FB-1-1024x683.jpg 1024w, https:\/\/www.serinf.it\/wp-content\/uploads\/2022\/05\/FB-1-350x233.jpg 350w, https:\/\/www.serinf.it\/wp-content\/uploads\/2022\/05\/FB-1-540x360.jpg 540w, https:\/\/www.serinf.it\/wp-content\/uploads\/2022\/05\/FB-1-750x500.jpg 750w, https:\/\/www.serinf.it\/wp-content\/uploads\/2022\/05\/FB-1-600x400.jpg 600w, https:\/\/www.serinf.it\/wp-content\/uploads\/2022\/05\/FB-1.jpg 1200w\" sizes=\"(max-width: 768px) 100vw, 768px\" \/><\/div><div class=\"txt-img-testo col-lg-6\">El software para la restauraci\u00f3n permite realizar an\u00e1lisis de datos precisos y puntuales gracias a la <strong>centralizaci\u00f3n de los datos<\/strong>.<\/p>\n<p>Nuestro programa de gesti\u00f3n para para bares restaurantes y cafeter\u00edas mejora la calidad del servicio ofrecido por el hotel y permite una <strong>gesti\u00f3n de los flujos de trabajo<\/strong> de manera \u00e1gil y eficaz.<\/p>\n<p>Los datos obtenidos tambi\u00e9n se pueden utilizar junto con otras herramientas para promover <strong>campa\u00f1as de fidelizaci\u00f3n<\/strong> o gestionar los pagos con <strong>tarjeta de cr\u00e9dito.<\/strong><\/div><\/div><\/div>[vc_empty_space height=&#8221;30px&#8221;][\/vc_column_inner][\/vc_row_inner][\/vc_column][\/vc_row]<\/p>\n","protected":false},"excerpt":{"rendered":"<p>[vc_row][vc_column][vc_row_inner][vc_column_inner width=&#8221;1\/6&#8243;][\/vc_column_inner][vc_column_inner width=&#8221;2\/3&#8243;][vc_column_tex... <\/p>\n","protected":false},"author":1,"featured_media":4299,"parent":0,"menu_order":0,"comment_status":"closed","ping_status":"closed","template":"page-templates\/pages-image.php","meta":[],"acf":[],"yoast_head":"<!-- This site is optimized with the Yoast SEO plugin v20.6 - https:\/\/yoast.com\/wordpress\/plugins\/seo\/ -->\n<title>Software para la Restauraci\u00f3n | Serinf<\/title>\n<meta name=\"description\" content=\"Nuestras soluciones de software para gestionar f\u00e1cilmente los bares y restaurantes de tu hotel. \u00a1M\u00e1s informaci\u00f3n con un clic!\" \/>\n<meta name=\"robots\" content=\"index, follow, max-snippet:-1, max-image-preview:large, max-video-preview:-1\" \/>\n<link rel=\"canonical\" href=\"https:\/\/www.serinf.it\/es\/restauracion\/\" \/>\n<meta property=\"og:locale\" content=\"es_ES\" \/>\n<meta property=\"og:type\" content=\"article\" \/>\n<meta property=\"og:title\" content=\"Software para la Restauraci\u00f3n | Serinf\" \/>\n<meta property=\"og:description\" content=\"Nuestras soluciones de software para gestionar f\u00e1cilmente los bares y restaurantes de tu hotel. \u00a1M\u00e1s informaci\u00f3n con un clic!\" \/>\n<meta property=\"og:url\" content=\"https:\/\/www.serinf.it\/es\/restauracion\/\" \/>\n<meta property=\"og:site_name\" content=\"Serenissima Informatica\" \/>\n<meta property=\"article:modified_time\" content=\"2023-04-18T07:45:23+00:00\" \/>\n<meta property=\"og:image\" content=\"https:\/\/www.serinf.it\/wp-content\/uploads\/2022\/05\/Cover-FB.jpg\" \/>\n\t<meta property=\"og:image:width\" content=\"1200\" \/>\n\t<meta property=\"og:image:height\" content=\"800\" \/>\n\t<meta property=\"og:image:type\" content=\"image\/jpeg\" \/>\n<meta name=\"twitter:card\" content=\"summary_large_image\" \/>\n<meta name=\"twitter:label1\" content=\"Tiempo de lectura\" \/>\n\t<meta name=\"twitter:data1\" content=\"2 minutos\" \/>\n<script type=\"application\/ld+json\" class=\"yoast-schema-graph\">{\"@context\":\"https:\/\/schema.org\",\"@graph\":[{\"@type\":\"WebPage\",\"@id\":\"https:\/\/www.serinf.it\/es\/restauracion\/\",\"url\":\"https:\/\/www.serinf.it\/es\/restauracion\/\",\"name\":\"Software para la Restauraci\u00f3n | Serinf\",\"isPartOf\":{\"@id\":\"https:\/\/www.serinf.it\/es\/#website\"},\"datePublished\":\"2022-05-17T08:21:59+00:00\",\"dateModified\":\"2023-04-18T07:45:23+00:00\",\"description\":\"Nuestras soluciones de software para gestionar f\u00e1cilmente los bares y restaurantes de tu hotel. \u00a1M\u00e1s informaci\u00f3n con un clic!\",\"breadcrumb\":{\"@id\":\"https:\/\/www.serinf.it\/es\/restauracion\/#breadcrumb\"},\"inLanguage\":\"es\",\"potentialAction\":[{\"@type\":\"ReadAction\",\"target\":[\"https:\/\/www.serinf.it\/es\/restauracion\/\"]}]},{\"@type\":\"BreadcrumbList\",\"@id\":\"https:\/\/www.serinf.it\/es\/restauracion\/#breadcrumb\",\"itemListElement\":[{\"@type\":\"ListItem\",\"position\":1,\"name\":\"Home\",\"item\":\"https:\/\/www.serinf.it\/es\/\"},{\"@type\":\"ListItem\",\"position\":2,\"name\":\"Software para la Restauraci\u00f3n\"}]},{\"@type\":\"WebSite\",\"@id\":\"https:\/\/www.serinf.it\/es\/#website\",\"url\":\"https:\/\/www.serinf.it\/es\/\",\"name\":\"Serenissima Informatica\",\"description\":\"Il Partner Unico per l&#039;IT\",\"publisher\":{\"@id\":\"https:\/\/www.serinf.it\/es\/#organization\"},\"potentialAction\":[{\"@type\":\"SearchAction\",\"target\":{\"@type\":\"EntryPoint\",\"urlTemplate\":\"https:\/\/www.serinf.it\/es\/?s={search_term_string}\"},\"query-input\":\"required name=search_term_string\"}],\"inLanguage\":\"es\"},{\"@type\":\"Organization\",\"@id\":\"https:\/\/www.serinf.it\/es\/#organization\",\"name\":\"Serenissima informatica SpA\",\"url\":\"https:\/\/www.serinf.it\/es\/\",\"logo\":{\"@type\":\"ImageObject\",\"inLanguage\":\"es\",\"@id\":\"https:\/\/www.serinf.it\/es\/#\/schema\/logo\/image\/\",\"url\":\"https:\/\/www.serinf.it\/wp-content\/uploads\/2022\/04\/logo-serenissima-informatica-black.png\",\"contentUrl\":\"https:\/\/www.serinf.it\/wp-content\/uploads\/2022\/04\/logo-serenissima-informatica-black.png\",\"width\":500,\"height\":75,\"caption\":\"Serenissima informatica SpA\"},\"image\":{\"@id\":\"https:\/\/www.serinf.it\/es\/#\/schema\/logo\/image\/\"}}]}<\/script>\n<!-- \/ Yoast SEO plugin. -->","yoast_head_json":{"title":"Software para la Restauraci\u00f3n | Serinf","description":"Nuestras soluciones de software para gestionar f\u00e1cilmente los bares y restaurantes de tu hotel. \u00a1M\u00e1s informaci\u00f3n con un clic!","robots":{"index":"index","follow":"follow","max-snippet":"max-snippet:-1","max-image-preview":"max-image-preview:large","max-video-preview":"max-video-preview:-1"},"canonical":"https:\/\/www.serinf.it\/es\/restauracion\/","og_locale":"es_ES","og_type":"article","og_title":"Software para la Restauraci\u00f3n | Serinf","og_description":"Nuestras soluciones de software para gestionar f\u00e1cilmente los bares y restaurantes de tu hotel. \u00a1M\u00e1s informaci\u00f3n con un clic!","og_url":"https:\/\/www.serinf.it\/es\/restauracion\/","og_site_name":"Serenissima Informatica","article_modified_time":"2023-04-18T07:45:23+00:00","og_image":[{"width":1200,"height":800,"url":"https:\/\/www.serinf.it\/wp-content\/uploads\/2022\/05\/Cover-FB.jpg","type":"image\/jpeg"}],"twitter_card":"summary_large_image","twitter_misc":{"Tiempo de lectura":"2 minutos"},"schema":{"@context":"https:\/\/schema.org","@graph":[{"@type":"WebPage","@id":"https:\/\/www.serinf.it\/es\/restauracion\/","url":"https:\/\/www.serinf.it\/es\/restauracion\/","name":"Software para la Restauraci\u00f3n | Serinf","isPartOf":{"@id":"https:\/\/www.serinf.it\/es\/#website"},"datePublished":"2022-05-17T08:21:59+00:00","dateModified":"2023-04-18T07:45:23+00:00","description":"Nuestras soluciones de software para gestionar f\u00e1cilmente los bares y restaurantes de tu hotel. \u00a1M\u00e1s informaci\u00f3n con un clic!","breadcrumb":{"@id":"https:\/\/www.serinf.it\/es\/restauracion\/#breadcrumb"},"inLanguage":"es","potentialAction":[{"@type":"ReadAction","target":["https:\/\/www.serinf.it\/es\/restauracion\/"]}]},{"@type":"BreadcrumbList","@id":"https:\/\/www.serinf.it\/es\/restauracion\/#breadcrumb","itemListElement":[{"@type":"ListItem","position":1,"name":"Home","item":"https:\/\/www.serinf.it\/es\/"},{"@type":"ListItem","position":2,"name":"Software para la Restauraci\u00f3n"}]},{"@type":"WebSite","@id":"https:\/\/www.serinf.it\/es\/#website","url":"https:\/\/www.serinf.it\/es\/","name":"Serenissima Informatica","description":"Il Partner Unico per l&#039;IT","publisher":{"@id":"https:\/\/www.serinf.it\/es\/#organization"},"potentialAction":[{"@type":"SearchAction","target":{"@type":"EntryPoint","urlTemplate":"https:\/\/www.serinf.it\/es\/?s={search_term_string}"},"query-input":"required name=search_term_string"}],"inLanguage":"es"},{"@type":"Organization","@id":"https:\/\/www.serinf.it\/es\/#organization","name":"Serenissima informatica SpA","url":"https:\/\/www.serinf.it\/es\/","logo":{"@type":"ImageObject","inLanguage":"es","@id":"https:\/\/www.serinf.it\/es\/#\/schema\/logo\/image\/","url":"https:\/\/www.serinf.it\/wp-content\/uploads\/2022\/04\/logo-serenissima-informatica-black.png","contentUrl":"https:\/\/www.serinf.it\/wp-content\/uploads\/2022\/04\/logo-serenissima-informatica-black.png","width":500,"height":75,"caption":"Serenissima informatica SpA"},"image":{"@id":"https:\/\/www.serinf.it\/es\/#\/schema\/logo\/image\/"}}]}},"_links":{"self":[{"href":"https:\/\/www.serinf.it\/es\/wp-json\/wp\/v2\/pages\/7380"}],"collection":[{"href":"https:\/\/www.serinf.it\/es\/wp-json\/wp\/v2\/pages"}],"about":[{"href":"https:\/\/www.serinf.it\/es\/wp-json\/wp\/v2\/types\/page"}],"author":[{"embeddable":true,"href":"https:\/\/www.serinf.it\/es\/wp-json\/wp\/v2\/users\/1"}],"replies":[{"embeddable":true,"href":"https:\/\/www.serinf.it\/es\/wp-json\/wp\/v2\/comments?post=7380"}],"version-history":[{"count":10,"href":"https:\/\/www.serinf.it\/es\/wp-json\/wp\/v2\/pages\/7380\/revisions"}],"predecessor-version":[{"id":15698,"href":"https:\/\/www.serinf.it\/es\/wp-json\/wp\/v2\/pages\/7380\/revisions\/15698"}],"wp:featuredmedia":[{"embeddable":true,"href":"https:\/\/www.serinf.it\/es\/wp-json\/wp\/v2\/media\/4299"}],"wp:attachment":[{"href":"https:\/\/www.serinf.it\/es\/wp-json\/wp\/v2\/media?parent=7380"}],"curies":[{"name":"wp","href":"https:\/\/api.w.org\/{rel}","templated":true}]}}