{"id":7252,"date":"2022-05-17T10:21:14","date_gmt":"2022-05-17T08:21:14","guid":{"rendered":"https:\/\/www.serinf.it\/camping-y-complejos-turisticos\/"},"modified":"2023-12-12T12:03:40","modified_gmt":"2023-12-12T11:03:40","slug":"resorts","status":"publish","type":"page","link":"https:\/\/www.serinf.it\/es\/resorts\/","title":{"rendered":"Resorts"},"content":{"rendered":"<p>[vc_row][vc_column]<!-- Start Work Process \n============================================= -->\n<div class=\"work-process-area overflow-hidden default-padding bottom-less\">\n    <div class=\"container\">\n        <div class=\"row\">\n            <div class=\"col-lg-8 offset-lg-2\">\n                <div class=\"site-heading text-center\">\n                    <h4>SOLUCIONES DE GESTI\u00d3N PARA RESORTS<\/h4>\n                    <h2>Digitaliza tu resort<\/h2>\n                <\/div>\n            <\/div>\n        <\/div>\n    <\/div>\n    <div class=\"container-full\">\n        <div class=\"work-pro-items\">\n            <div class=\"row\">[vc_row_inner][vc_column_inner width=&#8221;1\/6&#8243;][\/vc_column_inner][vc_column_inner width=&#8221;2\/3&#8243;][vc_column_text]<\/p>\n<p style=\"text-align: center;\">El <a href=\"https:\/\/www.serinf.it\/es\/software-hotelero\/\"><strong>software para resorts y complejos tur\u00edsticos<\/strong><\/a> de Serenissima informatica permite administrar todas las actividades de los centros tur\u00edsticos de forma r\u00e1pida y eficaz.<\/p>\n<p style=\"text-align: center;\">El personal gestiona las reservas con rapidez, optimiza los flujos de los hu\u00e9spedes en la recepci\u00f3n y facilita el trabajo diario.<\/p>\n<p style=\"text-align: center;\">El complejo tur\u00edstico ideal para los amantes de los resorts <strong>se convierte en realidad.<\/strong><\/p>\n<p>[\/vc_column_text][\/vc_column_inner][vc_column_inner width=&#8221;1\/6&#8243;][\/vc_column_inner][\/vc_row_inner] <\/div>\n            <\/div>\n        <\/div>\n    <\/div>\n    <!-- End Work Process Area -->[\/vc_column][\/vc_row][vc_row el_class=&#8221;.align-top&#8221;][vc_column]<div class=\"txt-img-alternati img_sx\"><h4 class=\"txt-img-sottotitolo\">PERSONAL R\u00c1PIDO Y PUNTUAL<\/h4><h2 class=\"txt-img-titolo\">Optimizaci\u00f3n de los procesos de trabajo<\/h2><div class=\"txt-img row\"><div class=\"txt-img-immagine col-lg-6 \"><img width=\"768\" height=\"514\" src=\"https:\/\/www.serinf.it\/wp-content\/uploads\/2022\/05\/Villaggi-1-768x514.jpg\" class=\"attachment-medium_large size-medium_large\" alt=\"Ristorante sul mare di un villaggio.\" loading=\"lazy\" srcset=\"https:\/\/www.serinf.it\/wp-content\/uploads\/2022\/05\/Villaggi-1-768x514.jpg 768w, https:\/\/www.serinf.it\/wp-content\/uploads\/2022\/05\/Villaggi-1-300x201.jpg 300w, https:\/\/www.serinf.it\/wp-content\/uploads\/2022\/05\/Villaggi-1-1024x685.jpg 1024w, https:\/\/www.serinf.it\/wp-content\/uploads\/2022\/05\/Villaggi-1-350x234.jpg 350w, https:\/\/www.serinf.it\/wp-content\/uploads\/2022\/05\/Villaggi-1-540x361.jpg 540w, https:\/\/www.serinf.it\/wp-content\/uploads\/2022\/05\/Villaggi-1-747x500.jpg 747w, https:\/\/www.serinf.it\/wp-content\/uploads\/2022\/05\/Villaggi-1-598x400.jpg 598w, https:\/\/www.serinf.it\/wp-content\/uploads\/2022\/05\/Villaggi-1.jpg 1200w\" sizes=\"(max-width: 768px) 100vw, 768px\" \/><\/div><div class=\"txt-img-testo col-lg-6\">La <strong>optimizaci\u00f3n de los procesos de trabajo<\/strong> se realiza mediante la automatizaci\u00f3n de tareas manuales que emplean la mayor parte del tiempo del personal.<\/p>\n<p>De esta manera, los operadores son <strong>libres de dedicarse<\/strong> a lo que realmente importa, el hu\u00e9sped.<\/p>\n<p>El programa de gesti\u00f3n de resorts tambi\u00e9n <strong>acelera las operaciones de recepci\u00f3n<\/strong> y permite a los empleados responder m\u00e1s r\u00e1pido a las solicitudes de los hu\u00e9spedes.<\/div><\/div><\/div>[\/vc_column][\/vc_row][vc_row rtl_reverse=&#8221;yes&#8221; el_class=&#8221;.align-top&#8221;][vc_column]<div class=\"txt-img-alternati img_dx\"><h4 class=\"txt-img-sottotitolo\">SOLUCIONES PARA MEJORAR EL SERVICIO<\/h4><h2 class=\"txt-img-titolo\">App para resorts<\/h2><div class=\"txt-img row\"><div class=\"txt-img-immagine col-lg-6 order-lg-last\"><img width=\"768\" height=\"510\" src=\"https:\/\/www.serinf.it\/wp-content\/uploads\/2022\/05\/Villaggi-3-768x510.jpg\" class=\"attachment-medium_large size-medium_large\" alt=\"Ragazza guarda un app sul suo smartphone in un villaggio.\" loading=\"lazy\" srcset=\"https:\/\/www.serinf.it\/wp-content\/uploads\/2022\/05\/Villaggi-3-768x510.jpg 768w, https:\/\/www.serinf.it\/wp-content\/uploads\/2022\/05\/Villaggi-3-300x199.jpg 300w, https:\/\/www.serinf.it\/wp-content\/uploads\/2022\/05\/Villaggi-3-1024x680.jpg 1024w, https:\/\/www.serinf.it\/wp-content\/uploads\/2022\/05\/Villaggi-3-350x232.jpg 350w, https:\/\/www.serinf.it\/wp-content\/uploads\/2022\/05\/Villaggi-3-540x359.jpg 540w, https:\/\/www.serinf.it\/wp-content\/uploads\/2022\/05\/Villaggi-3-753x500.jpg 753w, https:\/\/www.serinf.it\/wp-content\/uploads\/2022\/05\/Villaggi-3-602x400.jpg 602w, https:\/\/www.serinf.it\/wp-content\/uploads\/2022\/05\/Villaggi-3.jpg 1200w\" sizes=\"(max-width: 768px) 100vw, 768px\" \/><\/div><div class=\"txt-img-testo col-lg-6\">Las soluciones de gesti\u00f3n de Serenissima inform\u00e1tica tambi\u00e9n incluyen app para resorts dedicadas al <a href=\"https:\/\/www.serinf.it\/es\/software-hotelero\/hotel-guest-journey\/\"><strong>Guest Journey<\/strong><\/a>, que permiten al cliente interactuar con el establecimiento utilizando su m\u00f3vil para gestionar su reserva.<\/p>\n<p>Adem\u00e1s, el hu\u00e9sped dispone de un <strong>monedero electr\u00f3nico con un cr\u00e9dito virtual<\/strong> utilizable en las bares y restaurantes del establecimiento.<\/p>\n<p>Finalmente, puede incluso reservar mesas y servicios y participar en la vida de la estructura con juegos, publicaci\u00f3n de selfies y dem\u00e1s.<\/p>\n<p>Gracias a la integraci\u00f3n con el software de gesti\u00f3n, el resort puede dirigir a cada hu\u00e9sped mensajes personalizados para fidelizarlos y crear <strong>campa\u00f1as de marketing y comunicaci\u00f3n<\/strong>.<\/p>\n<p>El manager potencia la gesti\u00f3n estrat\u00e9gica: con la App para resorts aumenta los ingresos y la venta de servicios auxiliares a trav\u00e9s de <strong>estrategias de venta cruzada<\/strong>.<\/div><\/div><\/div>[vc_empty_space height=&#8221;30px&#8221;][\/vc_column][\/vc_row]<\/p>\n","protected":false},"excerpt":{"rendered":"<p>[vc_row][vc_column][vc_row_inner][vc_column_inner width=&#8221;1\/6&#8243;][\/vc_column_inner][vc_column_inner width=&#8221;2\/3&#8243;][vc_column_tex... <\/p>\n","protected":false},"author":1,"featured_media":4302,"parent":0,"menu_order":0,"comment_status":"closed","ping_status":"closed","template":"page-templates\/pages-image.php","meta":[],"acf":[],"yoast_head":"<!-- This site is optimized with the Yoast SEO plugin v20.6 - https:\/\/yoast.com\/wordpress\/plugins\/seo\/ -->\n<title>Software de gesti\u00f3n para Resorts | Serinf<\/title>\n<meta name=\"description\" content=\"El Software para resorts permite gestionar todas las actividades de los centros tur\u00edsticos. Descubre m\u00e1s.\" \/>\n<meta name=\"robots\" content=\"index, follow, max-snippet:-1, max-image-preview:large, max-video-preview:-1\" \/>\n<link rel=\"canonical\" href=\"https:\/\/www.serinf.it\/es\/resorts\/\" \/>\n<meta property=\"og:locale\" content=\"es_ES\" \/>\n<meta property=\"og:type\" content=\"article\" \/>\n<meta property=\"og:title\" content=\"Software de gesti\u00f3n para Resorts | Serinf\" \/>\n<meta property=\"og:description\" content=\"El Software para resorts permite gestionar todas las actividades de los centros tur\u00edsticos. Descubre m\u00e1s.\" \/>\n<meta property=\"og:url\" content=\"https:\/\/www.serinf.it\/es\/resorts\/\" \/>\n<meta property=\"og:site_name\" content=\"Serenissima Informatica\" \/>\n<meta property=\"article:modified_time\" content=\"2023-12-12T11:03:40+00:00\" \/>\n<meta property=\"og:image\" content=\"https:\/\/www.serinf.it\/wp-content\/uploads\/2022\/05\/Cover-villaggi.jpg\" \/>\n\t<meta property=\"og:image:width\" content=\"2000\" \/>\n\t<meta property=\"og:image:height\" content=\"1334\" \/>\n\t<meta property=\"og:image:type\" content=\"image\/jpeg\" \/>\n<meta name=\"twitter:card\" content=\"summary_large_image\" \/>\n<meta name=\"twitter:label1\" content=\"Tiempo de lectura\" \/>\n\t<meta name=\"twitter:data1\" content=\"2 minutos\" \/>\n<script type=\"application\/ld+json\" class=\"yoast-schema-graph\">{\"@context\":\"https:\/\/schema.org\",\"@graph\":[{\"@type\":\"WebPage\",\"@id\":\"https:\/\/www.serinf.it\/es\/resorts\/\",\"url\":\"https:\/\/www.serinf.it\/es\/resorts\/\",\"name\":\"Software de gesti\u00f3n para Resorts | Serinf\",\"isPartOf\":{\"@id\":\"https:\/\/www.serinf.it\/es\/#website\"},\"datePublished\":\"2022-05-17T08:21:14+00:00\",\"dateModified\":\"2023-12-12T11:03:40+00:00\",\"description\":\"El Software para resorts permite gestionar todas las actividades de los centros tur\u00edsticos. Descubre m\u00e1s.\",\"breadcrumb\":{\"@id\":\"https:\/\/www.serinf.it\/es\/resorts\/#breadcrumb\"},\"inLanguage\":\"es\",\"potentialAction\":[{\"@type\":\"ReadAction\",\"target\":[\"https:\/\/www.serinf.it\/es\/resorts\/\"]}]},{\"@type\":\"BreadcrumbList\",\"@id\":\"https:\/\/www.serinf.it\/es\/resorts\/#breadcrumb\",\"itemListElement\":[{\"@type\":\"ListItem\",\"position\":1,\"name\":\"Home\",\"item\":\"https:\/\/www.serinf.it\/es\/\"},{\"@type\":\"ListItem\",\"position\":2,\"name\":\"Resorts\"}]},{\"@type\":\"WebSite\",\"@id\":\"https:\/\/www.serinf.it\/es\/#website\",\"url\":\"https:\/\/www.serinf.it\/es\/\",\"name\":\"Serenissima Informatica\",\"description\":\"Il Partner Unico per l&#039;IT\",\"publisher\":{\"@id\":\"https:\/\/www.serinf.it\/es\/#organization\"},\"potentialAction\":[{\"@type\":\"SearchAction\",\"target\":{\"@type\":\"EntryPoint\",\"urlTemplate\":\"https:\/\/www.serinf.it\/es\/?s={search_term_string}\"},\"query-input\":\"required name=search_term_string\"}],\"inLanguage\":\"es\"},{\"@type\":\"Organization\",\"@id\":\"https:\/\/www.serinf.it\/es\/#organization\",\"name\":\"Serenissima informatica SpA\",\"url\":\"https:\/\/www.serinf.it\/es\/\",\"logo\":{\"@type\":\"ImageObject\",\"inLanguage\":\"es\",\"@id\":\"https:\/\/www.serinf.it\/es\/#\/schema\/logo\/image\/\",\"url\":\"https:\/\/www.serinf.it\/wp-content\/uploads\/2022\/04\/logo-serenissima-informatica-black.png\",\"contentUrl\":\"https:\/\/www.serinf.it\/wp-content\/uploads\/2022\/04\/logo-serenissima-informatica-black.png\",\"width\":500,\"height\":75,\"caption\":\"Serenissima informatica SpA\"},\"image\":{\"@id\":\"https:\/\/www.serinf.it\/es\/#\/schema\/logo\/image\/\"}}]}<\/script>\n<!-- \/ Yoast SEO plugin. -->","yoast_head_json":{"title":"Software de gesti\u00f3n para Resorts | Serinf","description":"El Software para resorts permite gestionar todas las actividades de los centros tur\u00edsticos. Descubre m\u00e1s.","robots":{"index":"index","follow":"follow","max-snippet":"max-snippet:-1","max-image-preview":"max-image-preview:large","max-video-preview":"max-video-preview:-1"},"canonical":"https:\/\/www.serinf.it\/es\/resorts\/","og_locale":"es_ES","og_type":"article","og_title":"Software de gesti\u00f3n para Resorts | Serinf","og_description":"El Software para resorts permite gestionar todas las actividades de los centros tur\u00edsticos. Descubre m\u00e1s.","og_url":"https:\/\/www.serinf.it\/es\/resorts\/","og_site_name":"Serenissima Informatica","article_modified_time":"2023-12-12T11:03:40+00:00","og_image":[{"width":2000,"height":1334,"url":"https:\/\/www.serinf.it\/wp-content\/uploads\/2022\/05\/Cover-villaggi.jpg","type":"image\/jpeg"}],"twitter_card":"summary_large_image","twitter_misc":{"Tiempo de lectura":"2 minutos"},"schema":{"@context":"https:\/\/schema.org","@graph":[{"@type":"WebPage","@id":"https:\/\/www.serinf.it\/es\/resorts\/","url":"https:\/\/www.serinf.it\/es\/resorts\/","name":"Software de gesti\u00f3n para Resorts | Serinf","isPartOf":{"@id":"https:\/\/www.serinf.it\/es\/#website"},"datePublished":"2022-05-17T08:21:14+00:00","dateModified":"2023-12-12T11:03:40+00:00","description":"El Software para resorts permite gestionar todas las actividades de los centros tur\u00edsticos. Descubre m\u00e1s.","breadcrumb":{"@id":"https:\/\/www.serinf.it\/es\/resorts\/#breadcrumb"},"inLanguage":"es","potentialAction":[{"@type":"ReadAction","target":["https:\/\/www.serinf.it\/es\/resorts\/"]}]},{"@type":"BreadcrumbList","@id":"https:\/\/www.serinf.it\/es\/resorts\/#breadcrumb","itemListElement":[{"@type":"ListItem","position":1,"name":"Home","item":"https:\/\/www.serinf.it\/es\/"},{"@type":"ListItem","position":2,"name":"Resorts"}]},{"@type":"WebSite","@id":"https:\/\/www.serinf.it\/es\/#website","url":"https:\/\/www.serinf.it\/es\/","name":"Serenissima Informatica","description":"Il Partner Unico per l&#039;IT","publisher":{"@id":"https:\/\/www.serinf.it\/es\/#organization"},"potentialAction":[{"@type":"SearchAction","target":{"@type":"EntryPoint","urlTemplate":"https:\/\/www.serinf.it\/es\/?s={search_term_string}"},"query-input":"required name=search_term_string"}],"inLanguage":"es"},{"@type":"Organization","@id":"https:\/\/www.serinf.it\/es\/#organization","name":"Serenissima informatica SpA","url":"https:\/\/www.serinf.it\/es\/","logo":{"@type":"ImageObject","inLanguage":"es","@id":"https:\/\/www.serinf.it\/es\/#\/schema\/logo\/image\/","url":"https:\/\/www.serinf.it\/wp-content\/uploads\/2022\/04\/logo-serenissima-informatica-black.png","contentUrl":"https:\/\/www.serinf.it\/wp-content\/uploads\/2022\/04\/logo-serenissima-informatica-black.png","width":500,"height":75,"caption":"Serenissima informatica SpA"},"image":{"@id":"https:\/\/www.serinf.it\/es\/#\/schema\/logo\/image\/"}}]}},"_links":{"self":[{"href":"https:\/\/www.serinf.it\/es\/wp-json\/wp\/v2\/pages\/7252"}],"collection":[{"href":"https:\/\/www.serinf.it\/es\/wp-json\/wp\/v2\/pages"}],"about":[{"href":"https:\/\/www.serinf.it\/es\/wp-json\/wp\/v2\/types\/page"}],"author":[{"embeddable":true,"href":"https:\/\/www.serinf.it\/es\/wp-json\/wp\/v2\/users\/1"}],"replies":[{"embeddable":true,"href":"https:\/\/www.serinf.it\/es\/wp-json\/wp\/v2\/comments?post=7252"}],"version-history":[{"count":37,"href":"https:\/\/www.serinf.it\/es\/wp-json\/wp\/v2\/pages\/7252\/revisions"}],"predecessor-version":[{"id":11261,"href":"https:\/\/www.serinf.it\/es\/wp-json\/wp\/v2\/pages\/7252\/revisions\/11261"}],"wp:featuredmedia":[{"embeddable":true,"href":"https:\/\/www.serinf.it\/es\/wp-json\/wp\/v2\/media\/4302"}],"wp:attachment":[{"href":"https:\/\/www.serinf.it\/es\/wp-json\/wp\/v2\/media?parent=7252"}],"curies":[{"name":"wp","href":"https:\/\/api.w.org\/{rel}","templated":true}]}}