{"id":24652,"date":"2025-07-28T14:09:39","date_gmt":"2025-07-28T12:09:39","guid":{"rendered":"https:\/\/www.serinf.it\/?page_id=24652"},"modified":"2025-10-03T11:57:28","modified_gmt":"2025-10-03T09:57:28","slug":"servicios-verifactu","status":"publish","type":"page","link":"https:\/\/www.serinf.it\/es\/servicios-verifactu\/","title":{"rendered":"Verifactu"},"content":{"rendered":"<p>[vc_row full_width=&#8221;stretch_row_content&#8221;][vc_column][vc_empty_space height=&#8221;30px&#8221;][vc_row_inner][vc_column_inner width=&#8221;1\/6&#8243;][\/vc_column_inner][vc_column_inner width=&#8221;2\/3&#8243;][vc_custom_heading text=&#8221;Cumple con Verifactu y con la Ley Antifraude espa\u00f1ola&#8221; font_container=&#8221;tag:h2|text_align:center&#8221; css=&#8221;.vc_custom_1753704418861{padding-right: 15px !important;padding-left: 15px !important;}&#8221;][vc_single_image image=&#8221;24677&#8243; img_size=&#8221;300&#215;100&#8243; alignment=&#8221;center&#8221;][vc_column_text css=&#8221;.vc_custom_1754062309357{padding-right: 15px !important;padding-left: 15px !important;}&#8221;]<\/p>\n<p style=\"text-align: center;\"><strong>Facturaci\u00f3n segura, legal y autom\u00e1tica con nuestras soluciones certificadas<\/strong><\/p>\n<p style=\"text-align: center;\">Desde el 1 de enero de 2026, todas las empresas y aut\u00f3nomos en Espa\u00f1a deber\u00e1n contar con un software de facturaci\u00f3n adaptado a <a href=\"https:\/\/sede.agenciatributaria.gob.es\/Sede\/iva\/sistemas-informaticos-facturacion-verifactu.html\" target=\"_blank\" rel=\"noopener\"><strong>Verifactu<\/strong><\/a>, el sistema de emisi\u00f3n de facturas verificables definido por la <strong>Ley Antifraude<\/strong>.<\/p>\n<p style=\"text-align: center;\">Nuestros sistemas inform\u00e1ticos de facturaci\u00f3n \u2014<strong>iSelz<\/strong>, <strong>protel Cloud<\/strong>, <strong>protel onprem<\/strong> y <strong>Reservation Assistant<\/strong>\u2014 ya cumplen con todos los requisitos del nuevo reglamento, garantizando que puedas emitir facturas v\u00e1lidas, firmadas digitalmente y enviadas autom\u00e1ticamente a la Agencia Tributaria (AEAT).<\/p>\n<p>[\/vc_column_text][vc_empty_space height=&#8221;30px&#8221;][\/vc_column_inner][vc_column_inner width=&#8221;1\/6&#8243;][\/vc_column_inner][\/vc_row_inner][\/vc_column][\/vc_row][vc_row][vc_column][vc_empty_space height=&#8221;100px&#8221;] <!-- Star About Area\n    ============================================= -->\n    <div class=\"about-area relative reverse\">\n        <div class=\"container\">\n            <div class=\"row align-center\">\n                \n                <div class=\"col-lg-6 info\">\n                    <h5>Adel\u00e1ntate al cambio<\/h5>\n                    <h2>Haz que tu software sea compatible con Verifactu<\/h2>\n                    <p>\n                        \n                    <\/p>\n                    <div class=\"skill-items\">[vc_column_text]Gracias a nuestras soluciones adaptadas a la <strong>Ley Antifraude 11\/2021<\/strong> y al <strong>Reglamento T\u00e9cnico 2025<\/strong>, podr\u00e1s cumplir sin preocupaciones con la nueva normativa espa\u00f1ola.<\/p>\n<p>Cada factura emitida con nuestros sistemas genera autom\u00e1ticamente una <strong data-start=\"142\" data-end=\"160\">huella digital<\/strong>, es decir, una firma electr\u00f3nica incorporada en un <strong data-start=\"212\" data-end=\"225\">c\u00f3digo QR<\/strong>. Gracias a esta tecnolog\u00eda, la factura queda <strong data-start=\"271\" data-end=\"342\">protegida frente a cualquier intento de modificaci\u00f3n o manipulaci\u00f3n<\/strong>.<\/p>\n<p>Adem\u00e1s, puede ser <strong data-start=\"362\" data-end=\"423\">enviada en tiempo real a la Agencia Tributaria (Hacienda)<\/strong>, lo que permite una trazabilidad inmediata y continua.<\/p>\n<p>Todo el proceso cumple con los principios fundamentales establecidos por la ley: <strong data-start=\"560\" data-end=\"618\">integridad, trazabilidad, accesibilidad y autenticidad<\/strong>.[\/vc_column_text]<\/div>\n                <\/div>\n\n                <div class=\"col-lg-6 thumbs\">\n                    <img width=\"650\" height=\"250\" style=\"height:auto\" src=\"https:\/\/www.serinf.it\/wp-content\/uploads\/2023\/11\/Varhub-1.jpg\" alt=\"Thumb\">\n                <\/div>\n\n            <\/div>\n        <\/div>\n    <\/div>\n    <!-- End About Area --><!-- Start Services Details \n    ============================================= -->\n    <div class=\"services-details-area default-padding\">\n        <div class=\"container\">\n            <div class=\"row\">\n                <div class=\"col-lg-8 content\">\n                    <div class=\"thumb\">\n                        <img src=\"\" alt=\"Thumb\" width=\"100\" height=\"2\">\n                    <\/div>[vc_column_text]<\/p>\n<h3><strong>Ventajas de elegir nuestro software<\/strong><\/h3>\n<h4>Adapta tu facturaci\u00f3n a Verifactu sin complicaciones<\/h4>\n<ul>\n<li>Emisi\u00f3n autom\u00e1tica de facturas verificables conforme a ley<\/li>\n<li>Firma electr\u00f3nica (huella digital) y QR integrado<\/li>\n<li>Comunicaci\u00f3n en tiempo real con Hacienda<\/li>\n<li>Cumplimiento garantizado del Reglamento T\u00e9cnico<\/li>\n<li>Soluciones ya preparadas para el 29 de julio de 2025<\/li>\n<\/ul>\n<p>[\/vc_column_text]<\/div>\n            <\/div>\n        <\/div>\n    <\/div>\n    <!-- End Services Details -->[vc_empty_space height=&#8221;50px&#8221;][\/vc_column][\/vc_row][vc_row][vc_column] <!-- Star About Area\n    ============================================= -->\n    <div class=\"about-area relative reverse\">\n        <div class=\"container\">\n            <div class=\"row align-center\">\n                \n                <div class=\"col-lg-6 info\">\n                    <h5>Prepara tu empresa para la nueva era de la facturaci\u00f3n digital<\/h5>\n                    <h2>Hazlo f\u00e1cil con sistemas adaptados y seguros<\/h2>\n                    <p>\n                        \n                    <\/p>\n                    <div class=\"skill-items\">[vc_column_text]Con <a href=\"https:\/\/www.serinf.it\/es\/software-hotelero\/tpv\/\"><strong>iSelz<\/strong><\/a>, <a href=\"https:\/\/www.serinf.it\/es\/software-hotelero\/pms\/protel-air-cloud\/\"><strong>protel Cloud<\/strong><\/a>, <a href=\"https:\/\/www.serinf.it\/es\/software-hotelero\/pms\/protel-on-premise\/\"><strong>protel onprem<\/strong><\/a> y <a href=\"https:\/\/www.serinf.it\/es\/software-hotelero\/spa-wellness\/\"><strong>Reservation Assistant<\/strong><\/a>, ya puedes prepararte para la transformaci\u00f3n digital que exige Verifactu.<\/p>\n<p><strong>Serenissima Informatica desarrolla soluciones que cumplen \u00edntegramente con la normativa legal vigente<\/strong> y acompa\u00f1a a sus clientes en el proceso de certificaci\u00f3n, garantizando tranquilidad y cumplimiento total.[\/vc_column_text]<\/div>\n                <\/div>\n\n                <div class=\"col-lg-6 thumbs\">\n                    <img width=\"650\" height=\"250\" style=\"height:auto\" src=\"https:\/\/www.serinf.it\/wp-content\/uploads\/2023\/11\/Varhub-2.jpg\" alt=\"Thumb\">\n                <\/div>\n\n            <\/div>\n        <\/div>\n    <\/div>\n    <!-- End About Area --><\/div>\n            <\/div>\n        <\/div>\n    <\/div>\n    <!-- End Services Details -->[vc_empty_space height=&#8221;50px&#8221;][vc_custom_heading text=&#8221;Declaraci\u00f3n responsable del sistema inform\u00e1tico de Facturaci\u00f3n&#8221; font_container=&#8221;tag:h3|text_align:center&#8221;][vc_empty_space height=&#8221;50px&#8221;][vc_btn title=&#8221;protel Cloud&#8221; style=&#8221;classic&#8221; color=&#8221;blue&#8221; size=&#8221;lg&#8221; align=&#8221;center&#8221; link=&#8221;url:https%3A%2F%2Fwww.serinf.it%2Fwp-content%2Fuploads%2F2025%2F10%2FDeclaracion-responsable-del-sistema-informatico-de-Facturacion_Protel-Cloud-Verifactu-Interface.pdf|target:_blank&#8221;][vc_btn title=&#8221;protel On Premise&#8221; style=&#8221;classic&#8221; color=&#8221;blue&#8221; size=&#8221;lg&#8221; align=&#8221;center&#8221; link=&#8221;url:https%3A%2F%2Fwww.serinf.it%2Fwp-content%2Fuploads%2F2025%2F10%2FDeclaracion-responsable-del-sistema-informatico-de-Facturacion_Protel-On-Prem-Verifactu-Interface.pdf|target:_blank&#8221;][vc_btn title=&#8221;iSelz Cloud&#8221; style=&#8221;classic&#8221; color=&#8221;blue&#8221; size=&#8221;lg&#8221; align=&#8221;center&#8221; link=&#8221;url:https%3A%2F%2Fwww.serinf.it%2Fwp-content%2Fuploads%2F2025%2F10%2FDeclaracion-responsable-del-sistema-informatico-de-Facturacion_iSelz-Cloud.pdf|target:_blank&#8221;][vc_btn title=&#8221;Reservation Assistant&#8221; style=&#8221;classic&#8221; color=&#8221;blue&#8221; size=&#8221;lg&#8221; align=&#8221;center&#8221; link=&#8221;url:https%3A%2F%2Fwww.serinf.it%2Fwp-content%2Fuploads%2F2025%2F09%2FEFR_Verifactu_Declaration_v2.6.pdf|target:_blank&#8221;][vc_empty_space height=&#8221;30px&#8221;][\/vc_column][\/vc_row]<\/p>\n","protected":false},"excerpt":{"rendered":"<p>[vc_row full_width=&#8221;stretch_row_content&#8221;][vc_column][vc_empty_space height=&#8221;30px&#8221;][vc_row_inner][vc_column_inner width=&#82... <\/p>\n","protected":false},"author":2,"featured_media":18271,"parent":0,"menu_order":0,"comment_status":"closed","ping_status":"closed","template":"page-templates\/pages-image.php","meta":[],"acf":[],"yoast_head":"<!-- This site is optimized with the Yoast SEO plugin v20.6 - https:\/\/yoast.com\/wordpress\/plugins\/seo\/ -->\n<title>Software para facturas verificables Verifactu | Serinf<\/title>\n<meta name=\"description\" content=\"Adapta tu sistema de facturaci\u00f3n a Verifactu y cumple con la Ley Antifraude con iSelz, protel Cloud, protel onprem y Reservation Assistant.\" \/>\n<meta name=\"robots\" content=\"index, follow, max-snippet:-1, max-image-preview:large, max-video-preview:-1\" \/>\n<link rel=\"canonical\" href=\"https:\/\/www.serinf.it\/es\/servicios-verifactu\/\" \/>\n<meta property=\"og:locale\" content=\"es_ES\" \/>\n<meta property=\"og:type\" content=\"article\" \/>\n<meta property=\"og:title\" content=\"Software para facturas verificables Verifactu | Serinf\" \/>\n<meta property=\"og:description\" content=\"Adapta tu sistema de facturaci\u00f3n a Verifactu y cumple con la Ley Antifraude con iSelz, protel Cloud, protel onprem y Reservation Assistant.\" \/>\n<meta property=\"og:url\" content=\"https:\/\/www.serinf.it\/es\/servicios-verifactu\/\" \/>\n<meta property=\"og:site_name\" content=\"Serenissima Informatica\" \/>\n<meta property=\"article:modified_time\" content=\"2025-10-03T09:57:28+00:00\" \/>\n<meta property=\"og:image\" content=\"https:\/\/www.serinf.it\/wp-content\/uploads\/2023\/11\/Cover-varhub.jpg\" \/>\n\t<meta property=\"og:image:width\" content=\"1920\" \/>\n\t<meta property=\"og:image:height\" content=\"1024\" \/>\n\t<meta property=\"og:image:type\" content=\"image\/jpeg\" \/>\n<meta name=\"twitter:card\" content=\"summary_large_image\" \/>\n<meta name=\"twitter:label1\" content=\"Tiempo de lectura\" \/>\n\t<meta name=\"twitter:data1\" content=\"3 minutos\" \/>\n<script type=\"application\/ld+json\" class=\"yoast-schema-graph\">{\"@context\":\"https:\/\/schema.org\",\"@graph\":[{\"@type\":\"WebPage\",\"@id\":\"https:\/\/www.serinf.it\/es\/servicios-verifactu\/\",\"url\":\"https:\/\/www.serinf.it\/es\/servicios-verifactu\/\",\"name\":\"Software para facturas verificables Verifactu | Serinf\",\"isPartOf\":{\"@id\":\"https:\/\/www.serinf.it\/es\/#website\"},\"datePublished\":\"2025-07-28T12:09:39+00:00\",\"dateModified\":\"2025-10-03T09:57:28+00:00\",\"description\":\"Adapta tu sistema de facturaci\u00f3n a Verifactu y cumple con la Ley Antifraude con iSelz, protel Cloud, protel onprem y Reservation Assistant.\",\"breadcrumb\":{\"@id\":\"https:\/\/www.serinf.it\/es\/servicios-verifactu\/#breadcrumb\"},\"inLanguage\":\"es\",\"potentialAction\":[{\"@type\":\"ReadAction\",\"target\":[\"https:\/\/www.serinf.it\/es\/servicios-verifactu\/\"]}]},{\"@type\":\"BreadcrumbList\",\"@id\":\"https:\/\/www.serinf.it\/es\/servicios-verifactu\/#breadcrumb\",\"itemListElement\":[{\"@type\":\"ListItem\",\"position\":1,\"name\":\"Home\",\"item\":\"https:\/\/www.serinf.it\/es\/\"},{\"@type\":\"ListItem\",\"position\":2,\"name\":\"Verifactu\"}]},{\"@type\":\"WebSite\",\"@id\":\"https:\/\/www.serinf.it\/es\/#website\",\"url\":\"https:\/\/www.serinf.it\/es\/\",\"name\":\"Serenissima Informatica\",\"description\":\"Il Partner Unico per l&#039;IT\",\"publisher\":{\"@id\":\"https:\/\/www.serinf.it\/es\/#organization\"},\"potentialAction\":[{\"@type\":\"SearchAction\",\"target\":{\"@type\":\"EntryPoint\",\"urlTemplate\":\"https:\/\/www.serinf.it\/es\/?s={search_term_string}\"},\"query-input\":\"required name=search_term_string\"}],\"inLanguage\":\"es\"},{\"@type\":\"Organization\",\"@id\":\"https:\/\/www.serinf.it\/es\/#organization\",\"name\":\"Serenissima informatica SpA\",\"url\":\"https:\/\/www.serinf.it\/es\/\",\"logo\":{\"@type\":\"ImageObject\",\"inLanguage\":\"es\",\"@id\":\"https:\/\/www.serinf.it\/es\/#\/schema\/logo\/image\/\",\"url\":\"https:\/\/www.serinf.it\/wp-content\/uploads\/2022\/04\/logo-serenissima-informatica-black.png\",\"contentUrl\":\"https:\/\/www.serinf.it\/wp-content\/uploads\/2022\/04\/logo-serenissima-informatica-black.png\",\"width\":500,\"height\":75,\"caption\":\"Serenissima informatica SpA\"},\"image\":{\"@id\":\"https:\/\/www.serinf.it\/es\/#\/schema\/logo\/image\/\"}}]}<\/script>\n<!-- \/ Yoast SEO plugin. -->","yoast_head_json":{"title":"Software para facturas verificables Verifactu | Serinf","description":"Adapta tu sistema de facturaci\u00f3n a Verifactu y cumple con la Ley Antifraude con iSelz, protel Cloud, protel onprem y Reservation Assistant.","robots":{"index":"index","follow":"follow","max-snippet":"max-snippet:-1","max-image-preview":"max-image-preview:large","max-video-preview":"max-video-preview:-1"},"canonical":"https:\/\/www.serinf.it\/es\/servicios-verifactu\/","og_locale":"es_ES","og_type":"article","og_title":"Software para facturas verificables Verifactu | Serinf","og_description":"Adapta tu sistema de facturaci\u00f3n a Verifactu y cumple con la Ley Antifraude con iSelz, protel Cloud, protel onprem y Reservation Assistant.","og_url":"https:\/\/www.serinf.it\/es\/servicios-verifactu\/","og_site_name":"Serenissima Informatica","article_modified_time":"2025-10-03T09:57:28+00:00","og_image":[{"width":1920,"height":1024,"url":"https:\/\/www.serinf.it\/wp-content\/uploads\/2023\/11\/Cover-varhub.jpg","type":"image\/jpeg"}],"twitter_card":"summary_large_image","twitter_misc":{"Tiempo de lectura":"3 minutos"},"schema":{"@context":"https:\/\/schema.org","@graph":[{"@type":"WebPage","@id":"https:\/\/www.serinf.it\/es\/servicios-verifactu\/","url":"https:\/\/www.serinf.it\/es\/servicios-verifactu\/","name":"Software para facturas verificables Verifactu | Serinf","isPartOf":{"@id":"https:\/\/www.serinf.it\/es\/#website"},"datePublished":"2025-07-28T12:09:39+00:00","dateModified":"2025-10-03T09:57:28+00:00","description":"Adapta tu sistema de facturaci\u00f3n a Verifactu y cumple con la Ley Antifraude con iSelz, protel Cloud, protel onprem y Reservation Assistant.","breadcrumb":{"@id":"https:\/\/www.serinf.it\/es\/servicios-verifactu\/#breadcrumb"},"inLanguage":"es","potentialAction":[{"@type":"ReadAction","target":["https:\/\/www.serinf.it\/es\/servicios-verifactu\/"]}]},{"@type":"BreadcrumbList","@id":"https:\/\/www.serinf.it\/es\/servicios-verifactu\/#breadcrumb","itemListElement":[{"@type":"ListItem","position":1,"name":"Home","item":"https:\/\/www.serinf.it\/es\/"},{"@type":"ListItem","position":2,"name":"Verifactu"}]},{"@type":"WebSite","@id":"https:\/\/www.serinf.it\/es\/#website","url":"https:\/\/www.serinf.it\/es\/","name":"Serenissima Informatica","description":"Il Partner Unico per l&#039;IT","publisher":{"@id":"https:\/\/www.serinf.it\/es\/#organization"},"potentialAction":[{"@type":"SearchAction","target":{"@type":"EntryPoint","urlTemplate":"https:\/\/www.serinf.it\/es\/?s={search_term_string}"},"query-input":"required name=search_term_string"}],"inLanguage":"es"},{"@type":"Organization","@id":"https:\/\/www.serinf.it\/es\/#organization","name":"Serenissima informatica SpA","url":"https:\/\/www.serinf.it\/es\/","logo":{"@type":"ImageObject","inLanguage":"es","@id":"https:\/\/www.serinf.it\/es\/#\/schema\/logo\/image\/","url":"https:\/\/www.serinf.it\/wp-content\/uploads\/2022\/04\/logo-serenissima-informatica-black.png","contentUrl":"https:\/\/www.serinf.it\/wp-content\/uploads\/2022\/04\/logo-serenissima-informatica-black.png","width":500,"height":75,"caption":"Serenissima informatica SpA"},"image":{"@id":"https:\/\/www.serinf.it\/es\/#\/schema\/logo\/image\/"}}]}},"_links":{"self":[{"href":"https:\/\/www.serinf.it\/es\/wp-json\/wp\/v2\/pages\/24652"}],"collection":[{"href":"https:\/\/www.serinf.it\/es\/wp-json\/wp\/v2\/pages"}],"about":[{"href":"https:\/\/www.serinf.it\/es\/wp-json\/wp\/v2\/types\/page"}],"author":[{"embeddable":true,"href":"https:\/\/www.serinf.it\/es\/wp-json\/wp\/v2\/users\/2"}],"replies":[{"embeddable":true,"href":"https:\/\/www.serinf.it\/es\/wp-json\/wp\/v2\/comments?post=24652"}],"version-history":[{"count":10,"href":"https:\/\/www.serinf.it\/es\/wp-json\/wp\/v2\/pages\/24652\/revisions"}],"predecessor-version":[{"id":25377,"href":"https:\/\/www.serinf.it\/es\/wp-json\/wp\/v2\/pages\/24652\/revisions\/25377"}],"wp:featuredmedia":[{"embeddable":true,"href":"https:\/\/www.serinf.it\/es\/wp-json\/wp\/v2\/media\/18271"}],"wp:attachment":[{"href":"https:\/\/www.serinf.it\/es\/wp-json\/wp\/v2\/media?parent=24652"}],"curies":[{"name":"wp","href":"https:\/\/api.w.org\/{rel}","templated":true}]}}